{"id":29159,"date":"2024-08-06T03:12:25","date_gmt":"2024-08-06T07:12:25","guid":{"rendered":"https:\/\/wowrxpharmacy.com\/?post_type=product&#038;p=29159"},"modified":"2024-11-11T05:33:39","modified_gmt":"2024-11-11T10:33:39","slug":"suhagra-50-mg","status":"publish","type":"product","link":"https:\/\/wowrxpharmacy.com\/de\/product\/suhagra-50-mg\/","title":{"rendered":"Suhagra 50 mg"},"content":{"rendered":"<h3><span style=\"font-weight: 400;\">\u00dcber Suhagra 50 mg<\/span><\/h3>\n<p><span style=\"font-weight: 400;\">Suhagra 50 mg ist ein verschreibungspflichtiges Medikament zur Behandlung von Erektionsst\u00f6rungen oder Impotenz bei M\u00e4nnern. Erektionsst\u00f6rungen sind sexuelle Funktionsst\u00f6rungen, bei denen M\u00e4nner beim Geschlechtsverkehr keine zufriedenstellende Erektion erreichen oder aufrechterhalten k\u00f6nnen. Dieses Medikament erh\u00f6ht die Durchblutung des Penis und verbessert die Erektion und das sexuelle Erlebnis.<\/span><\/p>\n<p><span style=\"font-weight: 400;\">Suhagra enth\u00e4lt das von der FDA zugelassene Sildenafil, einen Wirkstoff aus der Klasse der Phosphatesterase-5-Hemmer. Suhagra 50 wird von Cipla Pharmaceuticals Company Ltd hergestellt und ist bei WowRx erh\u00e4ltlich.<\/span><\/p>\n<h3><span style=\"font-weight: 400;\">Suhagra 50 mg Anwendung<\/span><\/h3>\n<p><span style=\"font-weight: 400;\">Suhagra 50 wird haupts\u00e4chlich zur Behandlung von Erektionsst\u00f6rungen bei M\u00e4nnern eingesetzt. Sildenafil, der Wirkstoff in der Suhagra-Tablette, verbessert nachweislich die Durchblutung und verbessert die Erektion f\u00fcr befriedigenden Geschlechtsverkehr.\u00a0<\/span><\/p>\n<p><span style=\"font-weight: 400;\">Suhagra hat eine <\/span><a href=\"https:\/\/www.mayoclinic.org\/drugs-supplements\/sildenafil-oral-route\/proper-use\/drg-20066989#:~:text=This%20medicine%20usually%20begins%20to%20work%20for%20erectile%20dysfunction%20within%2030%20minutes%20after%20taking%20it.%20It%20continues%20to%20work%20for%20up%20to%204%20hours%2C%20although%20its%20action%20is%20usually%20less%20after%202%20hours.\" target=\"_blank\" rel=\"noopener\"><span style=\"font-weight: 400;\">schneller Wirkungseintritt,<\/span><\/a><span style=\"font-weight: 400;\"> Die Wirkung tritt innerhalb von 30 Minuten nach der Einnahme ein und h\u00e4lt bis zu 4 Stunden an. Es ist jedoch wichtig zu verstehen, dass Suhagra die Erektion nur verbessern, aber keine erektile Dysfunktion heilen kann. Daher wird empfohlen, einen Arzt aufzusuchen, um eine umfassende medizinische Untersuchung durchf\u00fchren zu lassen und die zugrunde liegende Ursache f\u00fcr Erektionsprobleme zu verstehen.<\/span><\/p>\n<h3><span style=\"font-weight: 400;\">Wie wirkt Sildenafil?<\/span><\/h3>\n<p><span style=\"font-weight: 400;\">Bei sexueller Erregung setzt der K\u00f6rper zyklisches Guanosinmonophosphat (cGMP) frei, das hilft bei <\/span><a href=\"https:\/\/www.ncbi.nlm.nih.gov\/books\/NBK558978\/#:~:text=The%20molecular%20structure,pulmonary%20arterial%20pressure\" target=\"_blank\" rel=\"noopener\"><span style=\"font-weight: 400;\">Entspannung der Blutgef\u00e4\u00dfe<\/span><\/a><span style=\"font-weight: 400;\">. Dadurch wird der Blutfluss zum Penis gef\u00f6rdert und die Erektion verbessert. Phosphodiesterase Typ 5 (ein Enzym) baut jedoch cGMP ab und behindert den Erektionsmechanismus.<\/span><\/p>\n<p><span style=\"font-weight: 400;\">Als PDE5-Hemmer blockiert Sildenafil das PDE5-Enzym und f\u00f6rdert die effiziente Funktion von cGMP. Dies erm\u00f6glicht eine erh\u00f6hte Produktion von Stickstoffmonoxid (NO) und verbessert die Durchblutung des Penis. Daher hilft es bei den Symptomen der erektilen Dysfunktion.<\/span><\/p>\n<h3><span style=\"font-weight: 400;\">Wie ist Suhagra 50 Tabletten einzunehmen?<\/span><\/h3>\n<p><span style=\"font-weight: 400;\">Folgendes sollten Sie bei der Einnahme von Suhagra 50 beachten:<\/span><\/p>\n<ul>\n<li style=\"font-weight: 400;\" aria-level=\"1\"><span style=\"font-weight: 400;\">Nehmen Sie dieses Medikament nur nach \u00e4rztlicher Verschreibung ein<\/span><\/li>\n<li style=\"font-weight: 400;\" aria-level=\"1\"><span style=\"font-weight: 400;\">Das Medikament nicht kauen oder zerdr\u00fccken. Schlucken Sie es im Ganzen mit Wasser.<\/span><\/li>\n<li style=\"font-weight: 400;\" aria-level=\"1\"><span style=\"font-weight: 400;\">Es kann auf n\u00fcchternen Magen oder mit Nahrung eingenommen werden<\/span><\/li>\n<li style=\"font-weight: 400;\" aria-level=\"1\"><span style=\"font-weight: 400;\">Wenn Sie das Medikament etwa 30 Minuten bis 1 Stunde vor der geplanten sexuellen Aktivit\u00e4t einnehmen, hat das Medikament gen\u00fcgend Zeit, um aufgenommen zu werden und seine Wirkung zu entfalten.<\/span><\/li>\n<li style=\"font-weight: 400;\" aria-level=\"1\"><span style=\"font-weight: 400;\">Verdoppeln Sie nicht die Dosis von Suhagra<\/span><\/li>\n<\/ul>","protected":false},"excerpt":{"rendered":"<ul>\n<li style=\"font-weight: 400;\" aria-level=\"1\"><span style=\"font-weight: 400;\">Von der FDA zugelassenes Sildenafil<\/span><\/li>\n<li style=\"font-weight: 400;\" aria-level=\"1\"><span style=\"font-weight: 400;\">Verbessert die Erektion innerhalb von 30 Minuten<\/span><\/li>\n<li style=\"font-weight: 400;\" aria-level=\"1\"><span style=\"font-weight: 400;\">Bleibt 4 Stunden wirksam<\/span><\/li>\n<li style=\"font-weight: 400;\" aria-level=\"1\"><span style=\"font-weight: 400;\">Diskrete Verpackung verf\u00fcgbar<\/span><\/li>\n<li style=\"font-weight: 400;\" aria-level=\"1\"><span style=\"font-weight: 400;\">Versand innerhalb von 24 Stunden<\/span><\/li>\n<\/ul>","protected":false},"featured_media":29399,"comment_status":"open","ping_status":"closed","template":"","meta":{"om_disable_all_campaigns":false,"_uf_show_specific_survey":0,"_uf_disable_surveys":false},"product_brand":[],"product_cat":[438,2387],"product_tag":[],"class_list":{"0":"post-29159","1":"product","2":"type-product","3":"status-publish","4":"has-post-thumbnail","6":"product_cat-mens-health","7":"product_cat-sildenafil-citrate","9":"first","10":"instock","11":"shipping-taxable","12":"purchasable","13":"product-type-variable"},"_links":{"self":[{"href":"https:\/\/wowrxpharmacy.com\/de\/wp-json\/wp\/v2\/product\/29159","targetHints":{"allow":["GET"]}}],"collection":[{"href":"https:\/\/wowrxpharmacy.com\/de\/wp-json\/wp\/v2\/product"}],"about":[{"href":"https:\/\/wowrxpharmacy.com\/de\/wp-json\/wp\/v2\/types\/product"}],"replies":[{"embeddable":true,"href":"https:\/\/wowrxpharmacy.com\/de\/wp-json\/wp\/v2\/comments?post=29159"}],"wp:featuredmedia":[{"embeddable":true,"href":"https:\/\/wowrxpharmacy.com\/de\/wp-json\/wp\/v2\/media\/29399"}],"wp:attachment":[{"href":"https:\/\/wowrxpharmacy.com\/de\/wp-json\/wp\/v2\/media?parent=29159"}],"wp:term":[{"taxonomy":"product_brand","embeddable":true,"href":"https:\/\/wowrxpharmacy.com\/de\/wp-json\/wp\/v2\/product_brand?post=29159"},{"taxonomy":"product_cat","embeddable":true,"href":"https:\/\/wowrxpharmacy.com\/de\/wp-json\/wp\/v2\/product_cat?post=29159"},{"taxonomy":"product_tag","embeddable":true,"href":"https:\/\/wowrxpharmacy.com\/de\/wp-json\/wp\/v2\/product_tag?post=29159"}],"curies":[{"name":"wp","href":"https:\/\/api.w.org\/{rel}","templated":true}]}}