{"id":29151,"date":"2024-08-06T02:29:01","date_gmt":"2024-08-06T06:29:01","guid":{"rendered":"https:\/\/wowrxpharmacy.com\/?post_type=product&#038;p=29151"},"modified":"2024-10-16T03:47:36","modified_gmt":"2024-10-16T07:47:36","slug":"deplatt-150-mg","status":"publish","type":"product","link":"https:\/\/wowrxpharmacy.com\/de\/product\/deplatt-150-mg\/","title":{"rendered":"Deplatt 150 mg"},"content":{"rendered":"<h3><span style=\"font-weight: 400;\">\u00dcber Deplatt 150 mg<\/span><\/h3>\n<p><span style=\"font-weight: 400;\">Deplatt 150 mg ist ein verschreibungspflichtiges Medikament zur Vorbeugung von Herzinfarkten und Schlaganf\u00e4llen bei Menschen mit hohem Herzrisiko. Es verhindert die Bildung von Blutgerinnseln in den Blutgef\u00e4\u00dfen, erleichtert so den ordnungsgem\u00e4\u00dfen Blutfluss und verhindert die Bildung sch\u00e4dlicher Blutgerinnsel.<\/span><\/p>\n<p><span style=\"font-weight: 400;\">Es enth\u00e4lt Clopidogrel als Wirkstoff und geh\u00f6rt zur Klasse der Thrombozytenaggregationshemmer. Es ist eines der am h\u00e4ufigsten verwendeten Medikamente zum Schutz des Herzens und ist bei WowRx zu erm\u00e4\u00dfigten Preisen erh\u00e4ltlich.<\/span><\/p>\n<h3><span style=\"font-weight: 400;\">Deplatt 150 mg Anwendung<\/span><\/h3>\n<p><span style=\"font-weight: 400;\">Deplatt 150-Medikamente werden zur Vorbeugung der folgenden Erkrankungen verwendet:<\/span><\/p>\n<ul>\n<li style=\"font-weight: 400;\" aria-level=\"1\"><span style=\"font-weight: 400;\">Herzinfarkt<\/span><\/li>\n<li style=\"font-weight: 400;\" aria-level=\"1\"><span style=\"font-weight: 400;\">Schlaganfall<\/span><\/li>\n<li style=\"font-weight: 400;\" aria-level=\"1\"><span style=\"font-weight: 400;\">Tiefe Venenthrombose<\/span><\/li>\n<li style=\"font-weight: 400;\" aria-level=\"1\"><span style=\"font-weight: 400;\">Lungenembolie<\/span><\/li>\n<\/ul>\n<h3><span style=\"font-weight: 400;\">Wie Deplatt 150 mg wirkt<\/span><\/h3>\n<p><span style=\"font-weight: 400;\">Deplatt 150 enth\u00e4lt Clopidogrel, das zusammenwirkt, um die Blutgerinnung in den Blutgef\u00e4\u00dfen zu hemmen und Herzerkrankungen zu reduzieren. Es <\/span><a href=\"https:\/\/www.ncbi.nlm.nih.gov\/pmc\/articles\/PMC10109212\/#:~:text=These%20antiplatelet%20agents%20are%20used%20to%20prevent%20the%20formation%20of%20blood%20clots%20by%20making%20platelets%20less%20sticky%2C%20blocking%20enzymes%20involved%20in%20clotting%2C%20or%20preventing%20the%20activation%20of%20platelets.\" target=\"_blank\" rel=\"noopener\"><span style=\"font-weight: 400;\">hemmt ein Enzym<\/span><\/a><span style=\"font-weight: 400;\"> Es ist f\u00fcr die Blutgerinnung verantwortlich und verhindert, dass Blutpl\u00e4ttchen zusammenkleben und Blutgerinnsel entstehen. Daher erleichtert dieses Medikament den reibungslosen Blutfluss durch die Blutgef\u00e4\u00dfe und verringert das Risiko von Herzinfarkten und Schlaganf\u00e4llen.<\/span><\/p>\n<h3><span style=\"font-weight: 400;\">Wie ist Deplatt 150 mg einzunehmen?<\/span><\/h3>\n<p><span style=\"font-weight: 400;\">Folgendes sollten Sie bei der Einnahme von Deplatt 150 mg beachten:<\/span><\/p>\n<ul>\n<li style=\"font-weight: 400;\" aria-level=\"1\"><span style=\"font-weight: 400;\">Nehmen Sie dieses Medikament nur nach \u00e4rztlicher Verschreibung ein<\/span><\/li>\n<li style=\"font-weight: 400;\" aria-level=\"1\"><span style=\"font-weight: 400;\">Das Medikament nicht kauen oder zerdr\u00fccken. Schlucken Sie es im Ganzen mit Wasser.<\/span><\/li>\n<li style=\"font-weight: 400;\" aria-level=\"1\"><span style=\"font-weight: 400;\">Es kann mit oder ohne Nahrung eingenommen werden<\/span><\/li>\n<li style=\"font-weight: 400;\" aria-level=\"1\"><span style=\"font-weight: 400;\">Verdoppeln Sie nicht die Dosis von Deplatt<\/span><\/li>\n<li style=\"font-weight: 400;\" aria-level=\"1\"><span style=\"font-weight: 400;\">Lassen Sie keine Dosen aus. Versuchen Sie auch nicht, das Medikament ohne die Erlaubnis des Arztes abzusetzen, da dies Ihren Zustand verschlechtern und das Risiko eines Herzinfarkts, Schlaganfalls und Herztods erh\u00f6hen kann.<\/span><\/li>\n<\/ul>","protected":false},"excerpt":{"rendered":"<ul>\n<li style=\"font-weight: 400;\" aria-level=\"1\"><span style=\"font-weight: 400;\">Mit Clopidogrel<\/span><\/li>\n<li style=\"font-weight: 400;\" aria-level=\"1\"><span style=\"font-weight: 400;\">Beugt Herzinfarkt und Schlaganfall vor<\/span><\/li>\n<li style=\"font-weight: 400;\" aria-level=\"1\"><span style=\"font-weight: 400;\">Die schnelle Wirkung beginnt innerhalb von 2 Stunden<\/span><\/li>\n<li style=\"font-weight: 400;\" aria-level=\"1\"><span style=\"font-weight: 400;\">Versand innerhalb von 24 Stunden<\/span><\/li>\n<\/ul>","protected":false},"featured_media":29567,"comment_status":"open","ping_status":"closed","template":"","meta":{"om_disable_all_campaigns":false,"_uf_show_specific_survey":0,"_uf_disable_surveys":false},"product_brand":[],"product_cat":[1902],"product_tag":[],"class_list":{"0":"post-29151","1":"product","2":"type-product","3":"status-publish","4":"has-post-thumbnail","6":"product_cat-anti-coagulants","8":"first","9":"instock","10":"shipping-taxable","11":"purchasable","12":"product-type-variable","13":"has-default-attributes"},"_links":{"self":[{"href":"https:\/\/wowrxpharmacy.com\/de\/wp-json\/wp\/v2\/product\/29151","targetHints":{"allow":["GET"]}}],"collection":[{"href":"https:\/\/wowrxpharmacy.com\/de\/wp-json\/wp\/v2\/product"}],"about":[{"href":"https:\/\/wowrxpharmacy.com\/de\/wp-json\/wp\/v2\/types\/product"}],"replies":[{"embeddable":true,"href":"https:\/\/wowrxpharmacy.com\/de\/wp-json\/wp\/v2\/comments?post=29151"}],"wp:featuredmedia":[{"embeddable":true,"href":"https:\/\/wowrxpharmacy.com\/de\/wp-json\/wp\/v2\/media\/29567"}],"wp:attachment":[{"href":"https:\/\/wowrxpharmacy.com\/de\/wp-json\/wp\/v2\/media?parent=29151"}],"wp:term":[{"taxonomy":"product_brand","embeddable":true,"href":"https:\/\/wowrxpharmacy.com\/de\/wp-json\/wp\/v2\/product_brand?post=29151"},{"taxonomy":"product_cat","embeddable":true,"href":"https:\/\/wowrxpharmacy.com\/de\/wp-json\/wp\/v2\/product_cat?post=29151"},{"taxonomy":"product_tag","embeddable":true,"href":"https:\/\/wowrxpharmacy.com\/de\/wp-json\/wp\/v2\/product_tag?post=29151"}],"curies":[{"name":"wp","href":"https:\/\/api.w.org\/{rel}","templated":true}]}}